{"id":14499,"date":"2021-01-30T19:23:44","date_gmt":"2021-01-30T18:23:44","guid":{"rendered":"https:\/\/blog.sound-service.eu\/support\/"},"modified":"2021-02-01T15:40:44","modified_gmt":"2021-02-01T14:40:44","slug":"support","status":"publish","type":"page","link":"https:\/\/blog.sound-service.eu\/pl\/support\/","title":{"rendered":"Support"},"content":{"rendered":"<div class=\"wpb-content-wrapper\"><p>[vc_row row_height_percent=&#8221;0&#8243; back_color=&#8221;color-xsdn&#8221; overlay_alpha=&#8221;50&#8243; gutter_size=&#8221;3&#8243; column_width_percent=&#8221;100&#8243; shift_y=&#8221;0&#8243; z_index=&#8221;0&#8243;][vc_column width=&#8221;1\/1&#8243;][vc_column_text]<style> .zrf-form label, .zrf-form input[type=text], .zrf-form input[type=password], .zrf-form input[type=tel], .zrf-form input[type=email], .zrf-form input[type=file], .zrf-form textarea, .zrf-form select {width:100%;font-family:inherit;font-size:inherit;} .zrf_extra_info {font-size: 80%;} <\/style><div id=\"zrf-form\" class=\"zrf-form\"><form method=\"post\" action=\"https:\/\/blog.sound-service.eu\/wp-admin\/admin-ajax.php\"  enctype=\"multipart\/form-data\"><input type=\"hidden\" name=\"zen_begin\" value=\"zen_begin\" readonly><input type=\"hidden\" name=\"zen_return_url\" value=\"https:\/\/blog.sound-service.eu:443\/pl\/wp-json\/wp\/v2\/pages\/14499\"><p style=\"display:none\"><input type=\"text\" name=\"zrf-email-website\" value=\"\" autocomplete=\"off\"><\/p><p id=\"zendesk_field_zen_name\"><label for=\"zen_name\"><span class=\"zrf_field_title\">Twoje imi\u0119<\/span><\/label>  <input type=\"text\" name=\"zen_name\" id=\"zen_name\" class=\"zen_name_field\" value=\"\" required><\/p><p id=\"zendesk_field_zen_email\"><label for=\"zen_email\"><span class=\"zrf_field_title\">Tw\u00f3j Email<\/span><\/label>  <input type=\"email\" name=\"zen_email\" id=\"zen_email\" value=\"\" placeholder=\"\" required><\/p><input type=\"hidden\" name=\"zen_field_group\" value=\"support\" readonly><p id=\"zendesk_field_360011857499\"><span class=\"zrf_field_title\"><label for=\"360011857499\">Kraj<\/label><\/span>  <input autocomplete=\"off\" autocorrect=\"off\" autocapitalize=\"off\" type=\"text\" name=\"360011857499\" id=\"360011857499\" placeholder=\"\" value=\"\"  required=\"required\"><\/p><p id=\"zendesk_field_360011893580\"><span class=\"zrf_field_title\"><label for=\"360011893580\">Kod pocztowy<\/label><\/span>  <input autocomplete=\"off\" autocorrect=\"off\" autocapitalize=\"off\" type=\"text\" name=\"360011893580\" id=\"360011893580\" placeholder=\"\" value=\"\"  ><\/p><p id=\"zendesk_field_360011857479\"><span class=\"zrf_field_title\"><label for=\"360011857479\">Miasto<\/label><\/span>  <input autocomplete=\"off\" autocorrect=\"off\" autocapitalize=\"off\" type=\"text\" name=\"360011857479\" id=\"360011857479\" placeholder=\"\" value=\"\"  ><\/p><p id=\"zendesk_field_360011893560\"><span class=\"zrf_field_title\"><label for=\"360011893560\">Ulica<\/label><\/span>  <input autocomplete=\"off\" autocorrect=\"off\" autocapitalize=\"off\" type=\"text\" name=\"360011893560\" id=\"360011893560\" placeholder=\"\" value=\"\"  ><\/p><p id=\"zendesk_field_360005257299\"><span class=\"zrf_field_title\"><label for=\"360005257299\">Wybierz mark\u0119<\/label><\/span><select name=\"360005257299\" id=\"360005257299\" ><option value=\"\">Wybierz opcj\u0119<\/option><option value=\"general\" >Allgemein<\/option><option value=\"alysee\" >Alysee<\/option><option value=\"cloud_microphones\" >Cloud Microphones<\/option><option value=\"dimarzio\" >Dimarzio<\/option><option value=\"dixon_drums\" >Dixon Drums<\/option><option value=\"dv_mark\" >Dv Mark<\/option><option value=\"e-ii\" >E-II<\/option><option value=\"empirical_labs\" >Empirical Labs<\/option><option value=\"enki\" >Enki<\/option><option value=\"esp\" >ESP<\/option><option value=\"eventide\" >Eventide<\/option><option value=\"focal\" >Focal<\/option><option value=\"gator\" >Gator<\/option><option value=\"hartke\" >Hartke<\/option><option value=\"iso_acoustics\" >Iso Acoustics<\/option><option value=\"icon_pro_audio\" >Icon Pro Audio<\/option><option value=\"joeco\" >JoeCo<\/option><option value=\"kdhk\" >Khdk<\/option><option value=\"ltd\" >LTD<\/option><option value=\"markbass\" >Markbass<\/option><option value=\"markworld\/parsek\" >MarkWorld\/Parsek<\/option><option value=\"masterwork\" >Masterwork<\/option><option value=\"minuendo\" >Minuendo<\/option><option value=\"morley\" >Morley<\/option><option value=\"nord\" >Nord<\/option><option value=\"nowsonic\" >Nowsonic<\/option><option value=\"overtone_labs\" >Overtone Labs<\/option><option value=\"rogers\" >Rogers<\/option><option value=\"samson\" >Samson<\/option><option value=\"serpent_audio\" >Serpent Audio<\/option><option value=\"softube\" >Softube<\/option><option value=\"soundbrenner\" >Soundbrenner<\/option><option value=\"studio_electronics\" >Studio Electronics<\/option><option value=\"studiologic\" >Studiologic<\/option><option value=\"tech_21\" >Tech 21<\/option><option value=\"useful_arts\" >Useful Arts<\/option><option value=\"whitestone_audio\" >Whitestone Audio<\/option><option value=\"zoom\" >Zoom<\/option><\/select><\/p><p id=\"zendesk_field_360018797000\"><span class=\"zrf_field_title\"><label for=\"360018797000\">Charakter Twojej pro\u015bby<\/label><\/span><select name=\"360018797000\" id=\"360018797000\" ><option value=\"\">Wybierz opcj\u0119<\/option><option value=\"Dealer\" >Jestem sprzedawc\u0105<\/option><option value=\"Customer\" >Jestem klientem i potrzebuj\u0119 wsparcia<\/option><option value=\"Endorser\" >Szukam poparcia<\/option><\/select><\/p><p id=\"zendesk_field_zen_subject\"><label for=\"zen_subject\"><span class=\"zrf_field_title\">Temat<\/span><\/label>  <input type=\"text\" name=\"zen_subject\" id=\"zen_subject\" value=\"\" required><\/p><p id=\"zendesk_field_zen_desc\"><label for=\"zen_desc\"><span class=\"zrf_field_title\">Twoja wiadomo\u015b\u0107<\/span><\/label>  <textarea name=\"zen_desc\" id=\"zen_desc\" rows=\"8\" required><\/textarea><\/p><p id=\"zendesk_field_zen_files\"><label for=\"zen_files\"><span class=\"zrf_field_title\">Prze\u015blij plik<\/span><\/label>  <input type=\"file\" id=\"zen_files\" name=\"zen_files[]\" accept=\".jpg,.jpeg,.png,.gif,.pdf,.txt,.csv,.xls,.xlsx,.doc,.docx,.zip,.JPG,.JPEG,.PNG,.GIF,.PDF,.TXT,.CSV,.XLS,.XLSX,.DOC,.DOCX,.ZIP,.JPG,.JPEG,.PNG,.GIF,.PDF,.TXT,.CSV,.XLS,.XLSX,.DOC,.DOCX,.ZIP,.JPG,.JPEG,.PNG,.GIF,.PDF,.TXT,.CSV,.XLS,.XLSX,.DOC,.DOCX,.ZIP\"  >  <span class=\"zrf_extra_info\" id=\"zrf_accepted_filetypes\">Maksymalny rozmiar: 20MB.<br \/>Dozwolone typy plik\u00f3w: .jpg, .jpeg, .png, .gif, .pdf, .txt, .csv, .xls, .xlsx, .doc, .docx, .zip, .JPG, .JPEG, .PNG, .GIF, .PDF, .TXT, .CSV, .XLS, .XLSX, .DOC, .DOCX, .ZIP.<\/span><\/p><input type=\"hidden\" name=\"zen_user_agent\" value=\"1\"><input type=\"hidden\" name=\"action\" value=\"zrf_form_action\"><p id=\"zendesk_field_zen_submit\">  <input type=\"submit\" id=\"zrf_submit\" value=\"Wy\u015blij\" onClick='ga(\"send\", \"event\", { eventCategory: \"Zendesk Request Form\", eventAction: \"Form Submitted\", eventLabel: \"Support\" });' ><\/p><\/form><\/div>\r\n\t\t\t<script>\r\n\t\t\t\r\n\t\t\tjQuery(document).ready(function($) {\r\n\t\t\t\t\r\n\t\t\t\t\/\/ first letter of name uppercase\r\n\t\t\t\t$(\".zen_name_field\").on(\"keydown\", function(event) {\r\n\t\t\t\t\tif (this.selectionStart == 0 && event.keyCode >= 65 && event.keyCode <= 90 && !(event.shiftKey) && !(event.ctrlKey) && !(event.metaKey) && !(event.altKey)) {\r\n\t\t\t\t\t\tvar $t = $(this);\r\n\t\t\t\t\t\tevent.preventDefault();\r\n\t\t\t\t\t\tvar char = String.fromCharCode(event.keyCode);\r\n\t\t\t\t\t\t$t.val(char + $t.val().slice(this.selectionEnd));\r\n\t\t\t\t\t\tthis.setSelectionRange(1,1);\r\n\t\t\t\t\t}\r\n\t\t\t\t});\r\n\t\t\t\t\r\n\t\t\t\t\/\/ double click protection to stop duplicate submissions\r\n\t\t\t\t$(\"#zrf_submit\").removeAttr(\"disabled\");\r\n\t\t\t\t$(\"#zrf-form\").bind(\"submit\", function(e) {\r\n\t\t\t\t\t\r\n\t\t\tif (window.File && window.FileReader && window.FileList && window.Blob) {\r\n\t\t\t\t\r\n\t\t\t\tvar fileUpload = $(\"input[type='file']\");\r\n\t\t\t\tif (parseInt(fileUpload.get(0).files.length) > 1){\r\n\t\t\t\t\te.preventDefault();\r\n\t\t\t\t\talert(\"Maksymalna ilo\u015b\u0107 plik\u00f3w do pobrania: 1.\");\r\n\t\t\t\t}\r\n\t\t\t\t\r\n\t\t\t\tvar fileInput = $(\"#zen_files\");\r\n\t\t\t\t\r\n\t\t\t\t\/\/get data from file input field\r\n\t\t\t\tif (fileInput.val()) {\r\n\t\t\t\t\tvar fileSize = fileInput[0].files[0].size;\r\n\t\t\t\t\tvar fileName = fileInput[0].files[0].name;\r\n\t\t\t\t\r\n\t\t\t\t\t\/\/ check if file is correct size\r\n\t\t\t\t\tif (fileSize > 20971520) {\r\n\t\t\t\t\t\te.preventDefault();\r\n\t\t\t\t\t\talert(\"Przes\u0142any plik jest za du\u017cy.\");\r\n\t\t\t\t\t}\r\n\t\t\t\t\t\r\n\t\t\t\t\t\/\/ check if file type is allowed\t\t\t\t\r\n\t\t\t\t\tvar re = \/(?:\\.([^.]+))?$\/; \/\/ https:\/\/stackoverflow.com\/questions\/680929\/how-to-extract-extension-from-filename-string-in-javascript\r\n\t\t\t\t\tvar fileExt = \".\" + re.exec(fileName)[1];\r\n\t\t\t\t\tvar validExts = [\".jpg\",\".jpeg\",\".png\",\".gif\",\".pdf\",\".txt\",\".csv\",\".xls\",\".xlsx\",\".doc\",\".docx\",\".zip\",\".JPG\",\".JPEG\",\".PNG\",\".GIF\",\".PDF\",\".TXT\",\".CSV\",\".XLS\",\".XLSX\",\".DOC\",\".DOCX\",\".ZIP\"];\r\n\t\t\t\t\t\r\n\t\t\t\t\tif ($.inArray(fileExt, validExts) == -1) {\r\n\t\t\t\t\t\te.preventDefault();\r\n\t\t\t\t\t\talert(\"Przes\u0142any typ pliku jest niedozwolony.\");\r\n\t\t\t\t\t}\r\n\t\t\t\t}\r\n\t\t\t}\r\n\t\t\t\r\n\t\t\t\t\t\r\n\t\t\t\t\t\/\/ check any URL fields\r\n\t\t\t\t\t$(this).find(\".zrf_input_url\").each(function() {\r\n\t\t\t\t\t\t\/\/ is the field required and has been left as http:\/\/ default?\r\n\t\t\t\t\t\tif (($(this).prop(\"required\"))&& ($(this).val() == \"http:\/\/\")) {\r\n\t\t\t\t\t\t\talert(\"Prosz\u0119 poda\u0107 prawid\u0142owy adres URL\");\r\n\t\t\t\t\t\t\t$(this).css(\"border\", \"2px solid #000\");\r\n\t\t\t\t\t\t\te.preventDefault();\r\n\t\t\t\t\t\t\treturn false;\r\n\t\t\t\t\t\t}\r\n\t\t\t\t\t});\r\n\t\t\t\t\t\r\n\t\t\t\t\t\/\/ disable submit button\r\n\t\t\t\t\t$(this).find(\"#zrf_submit\").attr(\"disabled\", \"disabled\");\r\n\t\t\t\t\t\/\/ re-enable after 3 seconds\r\n\t\t\t\t\tsetTimeout(function() {\r\n\t\t\t\t\t\t$(\"form\").find(\"#zrf_submit\").removeAttr(\"disabled\");\r\n\t\t\t\t\t}, 3000);\r\n\t\t\t\t\t\r\n\t\t\t\t});\r\n\t\t\t\t\r\n\t\t\t});\r\n\t\t\t<\/script>[\/vc_column_text][\/vc_column][\/vc_row]<\/p>\n<\/div>","protected":false},"excerpt":{"rendered":"<p>[vc_row row_height_percent=&#8221;0&#8243; back_color=&#8221;color-xsdn&#8221; overlay_alpha=&#8221;50&#8243; gutter_size=&#8221;3&#8243; column_width_percent=&#8221;100&#8243; shift_y=&#8221;0&#8243; z_index=&#8221;0&#8243;][vc_column width=&#8221;1\/1&#8243;][vc_column_text][\/vc_column_text][\/vc_column][\/vc_row]<\/p>\n","protected":false},"author":3,"featured_media":0,"parent":0,"menu_order":0,"comment_status":"closed","ping_status":"closed","template":"","meta":[],"_links":{"self":[{"href":"https:\/\/blog.sound-service.eu\/pl\/wp-json\/wp\/v2\/pages\/14499"}],"collection":[{"href":"https:\/\/blog.sound-service.eu\/pl\/wp-json\/wp\/v2\/pages"}],"about":[{"href":"https:\/\/blog.sound-service.eu\/pl\/wp-json\/wp\/v2\/types\/page"}],"author":[{"embeddable":true,"href":"https:\/\/blog.sound-service.eu\/pl\/wp-json\/wp\/v2\/users\/3"}],"replies":[{"embeddable":true,"href":"https:\/\/blog.sound-service.eu\/pl\/wp-json\/wp\/v2\/comments?post=14499"}],"version-history":[{"count":1,"href":"https:\/\/blog.sound-service.eu\/pl\/wp-json\/wp\/v2\/pages\/14499\/revisions"}],"predecessor-version":[{"id":14545,"href":"https:\/\/blog.sound-service.eu\/pl\/wp-json\/wp\/v2\/pages\/14499\/revisions\/14545"}],"wp:attachment":[{"href":"https:\/\/blog.sound-service.eu\/pl\/wp-json\/wp\/v2\/media?parent=14499"}],"curies":[{"name":"wp","href":"https:\/\/api.w.org\/{rel}","templated":true}]}}